{"id":1213,"date":"2020-06-01T19:57:44","date_gmt":"2020-06-01T23:57:44","guid":{"rendered":"https:\/\/bachelderniagara.com\/collection-dete\/"},"modified":"2020-11-30T06:57:05","modified_gmt":"2020-11-30T11:57:05","slug":"saison-des-fetes","status":"publish","type":"page","link":"https:\/\/bachelderniagara.com\/fr\/saison-des-fetes\/","title":{"rendered":"saison des f\u00eates"},"content":{"rendered":"<p>[et_pb_section fb_built=\u00a0\u00bb1&Prime; disabled_on=\u00a0\u00bbon|on|on\u00a0\u00bb _builder_version=\u00a0\u00bb4.4.7&Prime; background_color=\u00a0\u00bb#f6f7ef\u00a0\u00bb disabled=\u00a0\u00bbon\u00a0\u00bb][et_pb_row column_structure=\u00a0\u00bb1_2,1_2&Prime; _builder_version=\u00a0\u00bb3.25&Prime; background_size=\u00a0\u00bbinitial\u00a0\u00bb background_position=\u00a0\u00bbtop_left\u00a0\u00bb background_repeat=\u00a0\u00bbrepeat\u00a0\u00bb][et_pb_column type=\u00a0\u00bb1_2&Prime; _builder_version=\u00a0\u00bb3.25&Prime; custom_padding=\u00a0\u00bb|||\u00a0\u00bb custom_padding__hover=\u00a0\u00bb|||\u00a0\u00bb][et_pb_image src=\u00a0\u00bbhttps:\/\/bachelderniagara.com\/wp-content\/uploads\/2020\/06\/Indigo-Pet-Photography-Bachelder-summer-033-510px.jpg\u00a0\u00bb alt=\u00a0\u00bbman pouring chardonnay in wine glass by a lake \u00a0\u00bb title_text=\u00a0\u00bbIndigo Pet Photography-Bachelder-summer-033-510px\u00a0\u00bb _builder_version=\u00a0\u00bb4.4.7&Prime;][\/et_pb_image][\/et_pb_column][et_pb_column type=\u00a0\u00bb1_2&Prime; _builder_version=\u00a0\u00bb3.25&Prime; custom_padding=\u00a0\u00bb|||\u00a0\u00bb custom_padding__hover=\u00a0\u00bb|||\u00a0\u00bb][et_pb_text _builder_version=\u00a0\u00bb4.5.6&Prime;]<\/p>\n<h1>Vos vins de l\u2019\u00e9t\u00e9!<\/h1>\n<p>Que vous vous dirigiez vers l\u2019arri\u00e8re-cour, le patio, le balcon ou que les escaliers avant, nous avons tous h\u00e2te de finalement \u00ab sortir \u00bb, de respirer l&rsquo;air pur et frais, et boire un grand verre du Chardonnay frais et cristallin \u2013 et bien s\u00fbr, un Pinot Noir pur et rafraichissant!<\/p>\n<p>Ces deux vins sont d&rsquo;une valeur incroyable et sont \u00e9labor\u00e9s dans la tradition Bachelder! Nos \u00ab vins d&rsquo;\u00e9t\u00e9 \u00bb ne seront disponibles que pour une dur\u00e9e limit\u00e9e, nous vous recommandons donc de les obtenir pendant que vous le pouvez!<\/p>\n<p><a href=\"https:\/\/bachelderniagara.com\/fr\/sortie-du-2-avril-la-violette\/\">D\u00e9couvrez d\u2019autres vins de Bachelder \u203a<\/a><\/p>\n<p>[\/et_pb_text][\/et_pb_column][\/et_pb_row][\/et_pb_section][et_pb_section fb_built=\u00a0\u00bb1&Prime; _builder_version=\u00a0\u00bb3.22&Prime;][et_pb_row _builder_version=\u00a0\u00bb3.25&Prime; background_size=\u00a0\u00bbinitial\u00a0\u00bb background_position=\u00a0\u00bbtop_left\u00a0\u00bb background_repeat=\u00a0\u00bbrepeat\u00a0\u00bb][et_pb_column type=\u00a0\u00bb4_4&Prime; _builder_version=\u00a0\u00bb3.25&Prime; custom_padding=\u00a0\u00bb|||\u00a0\u00bb custom_padding__hover=\u00a0\u00bb|||\u00a0\u00bb][et_pb_code _builder_version=\u00a0\u00bb4.7.4&Prime; _module_preset=\u00a0\u00bbdefault\u00a0\u00bb hover_enabled=\u00a0\u00bb0&Prime; sticky_enabled=\u00a0\u00bb0&Prime;]<\/p>\n<div id='collection-component-1595534725800'><\/div>\n<p><!-- [et_pb_line_break_holder] --><link href=\"http:\/\/sdks.shopifycdn.com\/buy-button\/latest\/buybutton.css\" rel=\"stylesheet\" type=\"text\/css\" \/><!-- [et_pb_line_break_holder] --><script type=\"text\/javascript\"><!-- [et_pb_line_break_holder] -->\/*<![CDATA[*\/<!-- [et_pb_line_break_holder] -->(function () {<!-- [et_pb_line_break_holder] -->  var scriptURL = 'https:\/\/sdks.shopifycdn.com\/buy-button\/latest\/buy-button-storefront.min.js';<!-- [et_pb_line_break_holder] -->  if (window.ShopifyBuy) {<!-- [et_pb_line_break_holder] -->    if (window.ShopifyBuy.UI) {<!-- [et_pb_line_break_holder] -->      ShopifyBuyInit();<!-- [et_pb_line_break_holder] -->    } else {<!-- [et_pb_line_break_holder] -->      loadScript();<!-- [et_pb_line_break_holder] -->    }<!-- [et_pb_line_break_holder] -->  } else {<!-- [et_pb_line_break_holder] -->    loadScript();<!-- [et_pb_line_break_holder] -->  }<!-- [et_pb_line_break_holder] -->  function loadScript() {<!-- [et_pb_line_break_holder] -->    var script = document.createElement('script');<!-- [et_pb_line_break_holder] -->    script.async = true;<!-- [et_pb_line_break_holder] -->    script.src = scriptURL;<!-- [et_pb_line_break_holder] -->    (document.getElementsByTagName('head')[0] || document.getElementsByTagName('body')[0]).appendChild(script);<!-- [et_pb_line_break_holder] -->    script.onload = ShopifyBuyInit;<!-- [et_pb_line_break_holder] -->  }<!-- [et_pb_line_break_holder] -->  function ShopifyBuyInit() {<!-- [et_pb_line_break_holder] -->    var client = ShopifyBuy.buildClient({<!-- [et_pb_line_break_holder] -->      domain: 'bachelder-terroirs.myshopify.com',<!-- [et_pb_line_break_holder] -->      storefrontAccessToken: '617a35758b99fabcae444cdb5cba9be4',<!-- [et_pb_line_break_holder] -->    });<!-- [et_pb_line_break_holder] -->    ShopifyBuy.UI.onReady(client).then(function (ui) {<!-- [et_pb_line_break_holder] -->      ui.createComponent('collection', {<!-- [et_pb_line_break_holder] -->        id: '237449511103',<!-- [et_pb_line_break_holder] -->        node: document.getElementById('collection-component-1595534725800'),<!-- [et_pb_line_break_holder] -->        moneyFormat: '%24%7B%7Bamount%7D%7D',<!-- [et_pb_line_break_holder] -->        options: {<!-- [et_pb_line_break_holder] -->  \"product\": {<!-- [et_pb_line_break_holder] -->    \"styles\": {<!-- [et_pb_line_break_holder] -->      \"product\": {<!-- [et_pb_line_break_holder] -->        \"@media (min-width: 601px)\": {<!-- [et_pb_line_break_holder] -->          \"max-width\": \"calc(25% - 20px)\",<!-- [et_pb_line_break_holder] -->          \"margin-left\": \"20px\",<!-- [et_pb_line_break_holder] -->          \"margin-bottom\": \"50px\",<!-- [et_pb_line_break_holder] -->          \"width\": \"calc(25% - 20px)\"<!-- [et_pb_line_break_holder] -->        },<!-- [et_pb_line_break_holder] -->        \"img\": {<!-- [et_pb_line_break_holder] -->          \"height\": \"calc(100% - 15px)\",<!-- [et_pb_line_break_holder] -->          \"position\": \"absolute\",<!-- [et_pb_line_break_holder] -->          \"left\": \"0\",<!-- [et_pb_line_break_holder] -->          \"right\": \"0\",<!-- [et_pb_line_break_holder] -->          \"top\": \"0\"<!-- [et_pb_line_break_holder] -->        },<!-- [et_pb_line_break_holder] -->        \"imgWrapper\": {<!-- [et_pb_line_break_holder] -->          \"padding-top\": \"calc(75% + 15px)\",<!-- [et_pb_line_break_holder] -->          \"position\": \"relative\",<!-- [et_pb_line_break_holder] -->          \"height\": \"0\"<!-- [et_pb_line_break_holder] -->        }<!-- [et_pb_line_break_holder] -->      },<!-- [et_pb_line_break_holder] -->      \"button\": {<!-- [et_pb_line_break_holder] -->        \"font-size\": \"14px\",<!-- [et_pb_line_break_holder] -->        \"padding-top\": \"15px\",<!-- [et_pb_line_break_holder] -->        \"padding-bottom\": \"15px\",<!-- [et_pb_line_break_holder] -->        \"background-color\": \"#9c323a\"<!-- [et_pb_line_break_holder] -->      },<!-- [et_pb_line_break_holder] -->      \"quantityInput\": {<!-- [et_pb_line_break_holder] -->        \"font-size\": \"14px\",<!-- [et_pb_line_break_holder] -->        \"padding-top\": \"15px\",<!-- [et_pb_line_break_holder] -->        \"padding-bottom\": \"15px\"<!-- [et_pb_line_break_holder] -->      }<!-- [et_pb_line_break_holder] -->    },<!-- [et_pb_line_break_holder] -->    \"buttonDestination\": \"modal\",<!-- [et_pb_line_break_holder] -->    \"contents\": {<!-- [et_pb_line_break_holder] -->      \"options\": false<!-- [et_pb_line_break_holder] -->    },<!-- [et_pb_line_break_holder] -->    \"text\": {<!-- [et_pb_line_break_holder] -->      \"button\": \"Voir le produit\"<!-- [et_pb_line_break_holder] -->    },<!-- [et_pb_line_break_holder] -->    \"events\":{<!-- [et_pb_line_break_holder] -->      addVariantToCart: function (product) {<!-- [et_pb_line_break_holder] -->        alert('asdas');<!-- [et_pb_line_break_holder] -->      },<!-- [et_pb_line_break_holder] -->    }<!-- [et_pb_line_break_holder] -->  },<!-- [et_pb_line_break_holder] -->  \"productSet\": {<!-- [et_pb_line_break_holder] -->    \"styles\": {<!-- [et_pb_line_break_holder] -->      \"products\": {<!-- [et_pb_line_break_holder] -->        \"@media (min-width: 601px)\": {<!-- [et_pb_line_break_holder] -->          \"margin-left\": \"-20px\"<!-- [et_pb_line_break_holder] -->        }<!-- [et_pb_line_break_holder] -->      }<!-- [et_pb_line_break_holder] -->    }<!-- [et_pb_line_break_holder] -->  },<!-- [et_pb_line_break_holder] -->  \"modalProduct\": {<!-- [et_pb_line_break_holder] -->    \"contents\": {<!-- [et_pb_line_break_holder] -->      \"img\": false,<!-- [et_pb_line_break_holder] -->      \"imgWithCarousel\": true,<!-- [et_pb_line_break_holder] -->      \"button\": false,<!-- [et_pb_line_break_holder] -->      \"buttonWithQuantity\": true<!-- [et_pb_line_break_holder] -->    },<!-- [et_pb_line_break_holder] -->    \"styles\": {<!-- [et_pb_line_break_holder] -->      \"product\": {<!-- [et_pb_line_break_holder] -->        \"@media (min-width: 601px)\": {<!-- [et_pb_line_break_holder] -->          \"max-width\": \"100%\",<!-- [et_pb_line_break_holder] -->          \"margin-left\": \"0px\",<!-- [et_pb_line_break_holder] -->          \"margin-bottom\": \"0px\"<!-- [et_pb_line_break_holder] -->        }<!-- [et_pb_line_break_holder] -->      },<!-- [et_pb_line_break_holder] -->      \"button\": {<!-- [et_pb_line_break_holder] -->        \"font-size\": \"14px\",<!-- [et_pb_line_break_holder] -->        \"padding-top\": \"15px\",<!-- [et_pb_line_break_holder] -->        \"padding-bottom\": \"15px\"<!-- [et_pb_line_break_holder] -->      },<!-- [et_pb_line_break_holder] -->      \"quantityInput\": {<!-- [et_pb_line_break_holder] -->        \"font-size\": \"14px\",<!-- [et_pb_line_break_holder] -->        \"padding-top\": \"15px\",<!-- [et_pb_line_break_holder] -->        \"padding-bottom\": \"15px\"<!-- [et_pb_line_break_holder] -->      }<!-- [et_pb_line_break_holder] -->    },<!-- [et_pb_line_break_holder] -->    \"text\": {<!-- [et_pb_line_break_holder] -->      \"button\": \"Ajouter au panier\"<!-- [et_pb_line_break_holder] -->    }<!-- [et_pb_line_break_holder] -->  },<!-- [et_pb_line_break_holder] -->  \"cart\": {<!-- [et_pb_line_break_holder] -->    \"iframe\": false,<!-- [et_pb_line_break_holder] -->    \"styles\": {<!-- [et_pb_line_break_holder] -->      \"button\": {<!-- [et_pb_line_break_holder] -->        \"font-size\": \"14px\",<!-- [et_pb_line_break_holder] -->        \"padding-top\": \"15px\",<!-- [et_pb_line_break_holder] -->        \"padding-bottom\": \"15px\"<!-- [et_pb_line_break_holder] -->      }<!-- [et_pb_line_break_holder] -->    },<!-- [et_pb_line_break_holder] -->    \"text\": {<!-- [et_pb_line_break_holder] -->      \"total\": \"Subtotal\",<!-- [et_pb_line_break_holder] -->      \"empty\": \"Votre panier est vide\",<!-- [et_pb_line_break_holder] -->      \"button\": \"Check-out\",<!-- [et_pb_line_break_holder] -->      \"noteDescription\": \"Instruction sp\u00e9cifiques\"<!-- [et_pb_line_break_holder] -->    },<!-- [et_pb_line_break_holder] -->    \"events\":{<!-- [et_pb_line_break_holder] -->  \t\tupdateItemQuantity: function (cart) {  <!-- [et_pb_line_break_holder] -->        setTimeout(function(){<!-- [et_pb_line_break_holder] -->        var cart_qty = 0;<!-- [et_pb_line_break_holder] -->        jQuery('.shopify-buy__cart-items div.shopify-buy__cart-item').each(function(){<!-- [et_pb_line_break_holder] -->          var item_qty = jQuery(this).find('input.shopify-buy__quantity').val();<!-- [et_pb_line_break_holder] -->          cart_qty = parseInt(item_qty) + parseInt(cart_qty);<!-- [et_pb_line_break_holder] -->        });<!-- [et_pb_line_break_holder] --><!-- [et_pb_line_break_holder] -->        if(cart_qty >= 3){<!-- [et_pb_line_break_holder] -->          jQuery('.shopify-buy__btn.shopify-buy__btn--cart-checkout').attr('disabled',false);<!-- [et_pb_line_break_holder] -->          jQuery('.shopify-buy__cart__notice').html('Les codes exp\u00e9dition et de r\u00e9duction sont ajout\u00e9s \u00e0 la caisse');<!-- [et_pb_line_break_holder] -->        }else{<!-- [et_pb_line_break_holder] -->          jQuery('.shopify-buy__btn.shopify-buy__btn--cart-checkout').attr('disabled',true);<!-- [et_pb_line_break_holder] -->          jQuery('.shopify-buy__cart__notice').html('Les codes exp\u00e9dition et de r\u00e9duction sont ajout\u00e9s \u00e0 la caisse.<!\u2013- [et_pb_br_holder] -\u2013>Veuillez ajouter au minimum 3 qt\u00e9 pour le paiement.');<!-- [et_pb_line_break_holder] -->        }<!-- [et_pb_line_break_holder] -->        }, 1500);<!-- [et_pb_line_break_holder] -->      },<!-- [et_pb_line_break_holder] -->\t  }<!-- [et_pb_line_break_holder] -->  },<!-- [et_pb_line_break_holder] -->  \"toggle\": {<!-- [et_pb_line_break_holder] -->    \"styles\": {<!-- [et_pb_line_break_holder] -->      \"count\": {<!-- [et_pb_line_break_holder] -->        \"font-size\": \"14px\"<!-- [et_pb_line_break_holder] -->      }<!-- [et_pb_line_break_holder] -->    }<!-- [et_pb_line_break_holder] -->  }<!-- [et_pb_line_break_holder] -->},<!-- [et_pb_line_break_holder] -->      });<!-- [et_pb_line_break_holder] -->    });<!-- [et_pb_line_break_holder] -->  }<!-- [et_pb_line_break_holder] -->})();<!-- [et_pb_line_break_holder] -->\/*]]>*\/<!-- [et_pb_line_break_holder] -->setInterval(function(){<!-- [et_pb_line_break_holder] -->\tif(jQuery('.shopify-buy-cart-wrapper').hasClass('is-active')){<!-- [et_pb_line_break_holder] -->\t\tvar cart_qty = 0;<!-- [et_pb_line_break_holder] -->\t\tjQuery('.shopify-buy__cart-items div.shopify-buy__cart-item').each(function(){<!-- [et_pb_line_break_holder] -->\t\t\tvar item_qty = jQuery(this).find('input.shopify-buy__quantity').val();<!-- [et_pb_line_break_holder] -->\t\t\tcart_qty = parseInt(item_qty) + parseInt(cart_qty);<!-- [et_pb_line_break_holder] -->\t\t});<!-- [et_pb_line_break_holder] --><!-- [et_pb_line_break_holder] -->\t\tif(cart_qty >= 3){<!-- [et_pb_line_break_holder] -->\t\t\tjQuery('.shopify-buy__btn.shopify-buy__btn--cart-checkout').attr('disabled',false);<!-- [et_pb_line_break_holder] -->\t\t\tjQuery('.shopify-buy__cart__notice').html('Les codes exp\u00e9dition et de r\u00e9duction sont ajout\u00e9s \u00e0 la caisse');<!-- [et_pb_line_break_holder] -->\t\t}else{<!-- [et_pb_line_break_holder] -->\t\t\tjQuery('.shopify-buy__btn.shopify-buy__btn--cart-checkout').attr('disabled',true);<!-- [et_pb_line_break_holder] -->\t\t\tjQuery('.shopify-buy__cart__notice').html('Les codes exp\u00e9dition et de r\u00e9duction sont ajout\u00e9s \u00e0 la caisse.<!\u2013- [et_pb_br_holder] -\u2013>Veuillez ajouter au minimum 3 qt\u00e9 pour le paiement.');<!-- [et_pb_line_break_holder] -->\t\t}<!-- [et_pb_line_break_holder] -->\t}<!-- [et_pb_line_break_holder] -->}, 1000);<!-- [et_pb_line_break_holder] --><\/script>[\/et_pb_code][\/et_pb_column][\/et_pb_row][\/et_pb_section]<\/p>\n","protected":false},"excerpt":{"rendered":"<p>Vos vins de l\u2019\u00e9t\u00e9! Que vous vous dirigiez vers l\u2019arri\u00e8re-cour, le patio, le balcon ou que les escaliers avant, nous avons tous h\u00e2te de finalement \u00ab sortir \u00bb, de respirer l&rsquo;air pur et frais, et boire un grand verre du Chardonnay frais et cristallin \u2013 et bien s\u00fbr, un Pinot Noir pur et rafraichissant! Ces [&hellip;]<\/p>\n","protected":false},"author":1,"featured_media":0,"parent":0,"menu_order":0,"comment_status":"closed","ping_status":"closed","template":"","meta":{"_et_pb_use_builder":"on","_et_pb_old_content":"","_et_gb_content_width":"","footnotes":""},"class_list":["post-1213","page","type-page","status-publish","hentry"],"yoast_head":"<!-- This site is optimized with the Yoast SEO plugin v26.5 - https:\/\/yoast.com\/wordpress\/plugins\/seo\/ -->\n<title>saison des f\u00eates - Bachelder Niagara<\/title>\n<meta name=\"robots\" content=\"index, follow, max-snippet:-1, max-image-preview:large, max-video-preview:-1\" \/>\n<link rel=\"canonical\" href=\"https:\/\/bachelderniagara.com\/fr\/saison-des-fetes\/\" \/>\n<meta property=\"og:locale\" content=\"fr_FR\" \/>\n<meta property=\"og:type\" content=\"article\" \/>\n<meta property=\"og:title\" content=\"saison des f\u00eates - Bachelder Niagara\" \/>\n<meta property=\"og:description\" content=\"Vos vins de l\u2019\u00e9t\u00e9! Que vous vous dirigiez vers l\u2019arri\u00e8re-cour, le patio, le balcon ou que les escaliers avant, nous avons tous h\u00e2te de finalement \u00ab sortir \u00bb, de respirer l&#039;air pur et frais, et boire un grand verre du Chardonnay frais et cristallin \u2013 et bien s\u00fbr, un Pinot Noir pur et rafraichissant! Ces [&hellip;]\" \/>\n<meta property=\"og:url\" content=\"https:\/\/bachelderniagara.com\/fr\/saison-des-fetes\/\" \/>\n<meta property=\"og:site_name\" content=\"Bachelder Niagara\" \/>\n<meta property=\"article:modified_time\" content=\"2020-11-30T11:57:05+00:00\" \/>\n<meta name=\"twitter:card\" content=\"summary_large_image\" \/>\n<meta name=\"twitter:label1\" content=\"Dur\u00e9e de lecture estim\u00e9e\" \/>\n\t<meta name=\"twitter:data1\" content=\"1 minute\" \/>\n<script type=\"application\/ld+json\" class=\"yoast-schema-graph\">{\"@context\":\"https:\/\/schema.org\",\"@graph\":[{\"@type\":\"WebPage\",\"@id\":\"https:\/\/bachelderniagara.com\/fr\/saison-des-fetes\/\",\"url\":\"https:\/\/bachelderniagara.com\/fr\/saison-des-fetes\/\",\"name\":\"saison des f\u00eates - Bachelder Niagara\",\"isPartOf\":{\"@id\":\"https:\/\/bachelderniagara.com\/fr\/#website\"},\"datePublished\":\"2020-06-01T23:57:44+00:00\",\"dateModified\":\"2020-11-30T11:57:05+00:00\",\"breadcrumb\":{\"@id\":\"https:\/\/bachelderniagara.com\/fr\/saison-des-fetes\/#breadcrumb\"},\"inLanguage\":\"fr-FR\",\"potentialAction\":[{\"@type\":\"ReadAction\",\"target\":[\"https:\/\/bachelderniagara.com\/fr\/saison-des-fetes\/\"]}]},{\"@type\":\"BreadcrumbList\",\"@id\":\"https:\/\/bachelderniagara.com\/fr\/saison-des-fetes\/#breadcrumb\",\"itemListElement\":[{\"@type\":\"ListItem\",\"position\":1,\"name\":\"Home\",\"item\":\"https:\/\/bachelderniagara.com\/fr\/\"},{\"@type\":\"ListItem\",\"position\":2,\"name\":\"saison des f\u00eates\"}]},{\"@type\":\"WebSite\",\"@id\":\"https:\/\/bachelderniagara.com\/fr\/#website\",\"url\":\"https:\/\/bachelderniagara.com\/fr\/\",\"name\":\"Bachelder Niagara\",\"description\":\"\",\"potentialAction\":[{\"@type\":\"SearchAction\",\"target\":{\"@type\":\"EntryPoint\",\"urlTemplate\":\"https:\/\/bachelderniagara.com\/fr\/?s={search_term_string}\"},\"query-input\":{\"@type\":\"PropertyValueSpecification\",\"valueRequired\":true,\"valueName\":\"search_term_string\"}}],\"inLanguage\":\"fr-FR\"}]}<\/script>\n<!-- \/ Yoast SEO plugin. -->","yoast_head_json":{"title":"saison des f\u00eates - Bachelder Niagara","robots":{"index":"index","follow":"follow","max-snippet":"max-snippet:-1","max-image-preview":"max-image-preview:large","max-video-preview":"max-video-preview:-1"},"canonical":"https:\/\/bachelderniagara.com\/fr\/saison-des-fetes\/","og_locale":"fr_FR","og_type":"article","og_title":"saison des f\u00eates - Bachelder Niagara","og_description":"Vos vins de l\u2019\u00e9t\u00e9! Que vous vous dirigiez vers l\u2019arri\u00e8re-cour, le patio, le balcon ou que les escaliers avant, nous avons tous h\u00e2te de finalement \u00ab sortir \u00bb, de respirer l'air pur et frais, et boire un grand verre du Chardonnay frais et cristallin \u2013 et bien s\u00fbr, un Pinot Noir pur et rafraichissant! Ces [&hellip;]","og_url":"https:\/\/bachelderniagara.com\/fr\/saison-des-fetes\/","og_site_name":"Bachelder Niagara","article_modified_time":"2020-11-30T11:57:05+00:00","twitter_card":"summary_large_image","twitter_misc":{"Dur\u00e9e de lecture estim\u00e9e":"1 minute"},"schema":{"@context":"https:\/\/schema.org","@graph":[{"@type":"WebPage","@id":"https:\/\/bachelderniagara.com\/fr\/saison-des-fetes\/","url":"https:\/\/bachelderniagara.com\/fr\/saison-des-fetes\/","name":"saison des f\u00eates - Bachelder Niagara","isPartOf":{"@id":"https:\/\/bachelderniagara.com\/fr\/#website"},"datePublished":"2020-06-01T23:57:44+00:00","dateModified":"2020-11-30T11:57:05+00:00","breadcrumb":{"@id":"https:\/\/bachelderniagara.com\/fr\/saison-des-fetes\/#breadcrumb"},"inLanguage":"fr-FR","potentialAction":[{"@type":"ReadAction","target":["https:\/\/bachelderniagara.com\/fr\/saison-des-fetes\/"]}]},{"@type":"BreadcrumbList","@id":"https:\/\/bachelderniagara.com\/fr\/saison-des-fetes\/#breadcrumb","itemListElement":[{"@type":"ListItem","position":1,"name":"Home","item":"https:\/\/bachelderniagara.com\/fr\/"},{"@type":"ListItem","position":2,"name":"saison des f\u00eates"}]},{"@type":"WebSite","@id":"https:\/\/bachelderniagara.com\/fr\/#website","url":"https:\/\/bachelderniagara.com\/fr\/","name":"Bachelder Niagara","description":"","potentialAction":[{"@type":"SearchAction","target":{"@type":"EntryPoint","urlTemplate":"https:\/\/bachelderniagara.com\/fr\/?s={search_term_string}"},"query-input":{"@type":"PropertyValueSpecification","valueRequired":true,"valueName":"search_term_string"}}],"inLanguage":"fr-FR"}]}},"_links":{"self":[{"href":"https:\/\/bachelderniagara.com\/fr\/wp-json\/wp\/v2\/pages\/1213","targetHints":{"allow":["GET"]}}],"collection":[{"href":"https:\/\/bachelderniagara.com\/fr\/wp-json\/wp\/v2\/pages"}],"about":[{"href":"https:\/\/bachelderniagara.com\/fr\/wp-json\/wp\/v2\/types\/page"}],"author":[{"embeddable":true,"href":"https:\/\/bachelderniagara.com\/fr\/wp-json\/wp\/v2\/users\/1"}],"replies":[{"embeddable":true,"href":"https:\/\/bachelderniagara.com\/fr\/wp-json\/wp\/v2\/comments?post=1213"}],"version-history":[{"count":0,"href":"https:\/\/bachelderniagara.com\/fr\/wp-json\/wp\/v2\/pages\/1213\/revisions"}],"wp:attachment":[{"href":"https:\/\/bachelderniagara.com\/fr\/wp-json\/wp\/v2\/media?parent=1213"}],"curies":[{"name":"wp","href":"https:\/\/api.w.org\/{rel}","templated":true}]}}