{"id":384,"date":"2019-12-14T23:42:25","date_gmt":"2019-12-15T04:42:25","guid":{"rendered":"https:\/\/bachelderniagara.com\/?page_id=384"},"modified":"2021-10-31T21:49:46","modified_gmt":"2021-11-01T01:49:46","slug":"faq","status":"publish","type":"page","link":"https:\/\/bachelderniagara.com\/fr\/faq\/","title":{"rendered":"Faq FR"},"content":{"rendered":"<p>[et_pb_section fb_built=\u00a0\u00bb1&Prime; _builder_version=\u00a0\u00bb4.4.0&Prime; custom_padding=\u00a0\u00bb0px||0px|||\u00a0\u00bb global_colors_info=\u00a0\u00bb{}\u00a0\u00bb][et_pb_row _builder_version=\u00a0\u00bb4.4.0&Prime; width=\u00a0\u00bb100%\u00a0\u00bb max_width=\u00a0\u00bb100%\u00a0\u00bb custom_padding=\u00a0\u00bb0px||0px|||\u00a0\u00bb global_colors_info=\u00a0\u00bb{}\u00a0\u00bb][et_pb_column type=\u00a0\u00bb4_4&Prime; _builder_version=\u00a0\u00bb4.4.0&Prime; global_colors_info=\u00a0\u00bb{}\u00a0\u00bb][et_pb_slider module_class=\u00a0\u00bbhps\u00a0\u00bb _builder_version=\u00a0\u00bb4.7.4&Prime; global_colors_info=\u00a0\u00bb{}\u00a0\u00bb][et_pb_slide heading=\u00a0\u00bbFoire aux questions\u00a0\u00bb use_bg_overlay=\u00a0\u00bboff\u00a0\u00bb use_text_overlay=\u00a0\u00bboff\u00a0\u00bb _builder_version=\u00a0\u00bb4.7.4&Prime; background_enable_color=\u00a0\u00bboff\u00a0\u00bb background_image=\u00a0\u00bbhttps:\/\/bachelderniagara.com\/wp-content\/uploads\/2020\/03\/thomas-punchdowns-banner.jpg\u00a0\u00bb background_enable_image=\u00a0\u00bbon\u00a0\u00bb global_colors_info=\u00a0\u00bb{}\u00a0\u00bb sticky_transition=\u00a0\u00bbon\u00a0\u00bb][\/et_pb_slide][\/et_pb_slider][\/et_pb_column][\/et_pb_row][\/et_pb_section][et_pb_section fb_built=\u00a0\u00bb1&Prime; _builder_version=\u00a0\u00bb4.4.1&Prime; custom_padding=\u00a0\u00bb||0px|||\u00a0\u00bb global_colors_info=\u00a0\u00bb{}\u00a0\u00bb][et_pb_row column_structure=\u00a0\u00bb1_2,1_2&Prime; disabled_on=\u00a0\u00bbon|on|off\u00a0\u00bb _builder_version=\u00a0\u00bb4.4.1&Prime; custom_padding=\u00a0\u00bb0px||0px|2vw|false|false\u00a0\u00bb global_colors_info=\u00a0\u00bb{}\u00a0\u00bb][et_pb_column type=\u00a0\u00bb1_2&Prime; _builder_version=\u00a0\u00bb4.4.1&Prime; global_colors_info=\u00a0\u00bb{}\u00a0\u00bb][et_pb_text _builder_version=\u00a0\u00bb4.12.0&Prime; header_3_font=\u00a0\u00bb||||||||\u00a0\u00bb header_3_text_color=\u00a0\u00bb#9c323a\u00a0\u00bb hover_enabled=\u00a0\u00bb0&Prime; global_colors_info=\u00a0\u00bb{}\u00a0\u00bb sticky_enabled=\u00a0\u00bb0&Prime;]<\/p>\n<h3>Quand les vins seront-ils disponibles ?<\/h3>\n<p>Nous allons offrir nos vins deux fois par ann\u00e9e. Sur la Toussaint (le 1er novembre) et le 2 d\u2019avril. Les vins seront disponibles pour une dur\u00e9e limit\u00e9e jusqu\u2019\u00e0 l\u2019\u00e9puisement des stocks.\u00a0<a href=\"\/fr\/#inscrivez\">Inscrivez-vous pour notre infolettre<\/a>\u00a0pour s\u2019assurer que vous \u00eates au courant de l\u2019ouverture des ventes, pour pouvoir avoir votre tour d\u2019en commander.<\/p>\n<h3>Offrez-vous des d\u00e9gustations\u00a0?<\/h3>\n<p>Les d\u00e9gustations sont offertes sur rendez-vous uniquement et\u00a0peuvent \u00eatre demand\u00e9es ici.<\/p>\n<h3>Est-ce que je peux visiter la cave ?<\/h3>\n<p><span>Pour le moment, nous sommes ferm\u00e9s sauf sur rendez-vous.<o:p><\/o:p><\/span><\/p>\n<p><span lang=\"FR\">Veuillez consulter notre page\u00a0<\/span><span lang=\"FR\">\u00ab <\/span><a href=\"\/visitez-nous\"><b><u><span lang=\"FR\">Visitez-nous<\/span><\/u><\/b><\/a><span lang=\"FR\"> <\/span><span lang=\"FR\">\u00bb pour plus de d\u00e9tails<\/span>.<\/p>\n<h3>O\u00f9 est-ce que je peux trouver les vins Bachelder ?<\/h3>\n<p>Vous trouverez nos vins en ligne, et certains de nos vins sont aussi disponibles \u00e0 l\u2019 <a href=\"https:\/\/www.lcbo.com\/webapp\/wcs\/stores\/servlet\/SearchDisplay?categoryId=&amp;storeId=10203&amp;catalogId=10051&amp;langId=-1&amp;sType=SimpleSearch&amp;resultCatEntryType=2&amp;showResultsPage=true&amp;searchSource=Q&amp;pageView=&amp;beginIndex=0&amp;pageSize=12&amp;searchTerm=bachelder&amp;authToken=-1002%252CetYHJunN2fPHnqWYb6iXk2V4thGGKMCP7yRvypmsoac%253D)\" target=\"_blank\" rel=\"noopener noreferrer\">LCBO<\/a>, et \u00e0 la <a href=\"https:\/\/www.saq.com\/fr\/catalogsearch\/result\/?q=Bachelder\" target=\"_blank\" rel=\"noopener noreferrer\">SAQ<\/a>.<\/p>\n<h3>O\u00f9 se trouve votre cave?<\/h3>\n<p>Nous sommes \u00e0 Beamsville sur le \u00ab\u00a0Bench\u00a0\u00bb (l\u2019escarpement), mais nos vignes soigneusement choisies se trouvent un peu partout dans la p\u00e9ninsule du Niagara.<\/p>\n<h3>Pourquoi avez-vous choisi ces vignobles en particulier ?<\/h3>\n<p>Au cours de sa carri\u00e8re, Thomas a travaill\u00e9 avec plusieurs grands viticulteurs et terroirs ontariens. Avec Bachelder, nous voulions exploiter des parcelles qui, selon nous, expriment l\u2019inimitable terroir de l\u2019escarpement de Niagara form\u00e9 lors du retrait des glaciers. Depuis, nous travaillons en \u00e9troite collaboration avec nos vignerons pour assurer l\u2019expression du terroir dans les vins\u2026de la vigne jusqu\u2019\u00e0 la bouteille.<\/p>\n<h3>Quels vins sont disponibles?<\/h3>\n<p>Consultez notre onglet \u00ab LES VINS \u00bb dans le menu en haut de la page pour la s\u00e9lection de vins que nous pouvons vous exp\u00e9dier.<\/p>\n<h3>Combien co\u00fbte la livraison d&rsquo;une commande?<\/h3>\n<p><span>En raison de la pand\u00e9mie, nous assumons actuellement les frais d\u2019exp\u00e9dition, donc les commandes de trois bouteilles ou plus sont gratuites. <\/span><span lang=\"FR\">Les commandes d\u2019une ou eux bouteilles sont exp\u00e9di\u00e9es pour un forfait de 20 $. <\/span><span lang=\"EN-CA\">(taxes incluses)<\/span><\/p>\n<h3>Quand arriveront mes vins ?<\/h3>\n<p>Le temps de livraison varie de 5 \u00e0 7 jours ouvrables, en fonction de votre adresse.<\/p>\n<p>&nbsp;<\/p>\n<p>[\/et_pb_text][\/et_pb_column][et_pb_column type=\u00a0\u00bb1_2&Prime; _builder_version=\u00a0\u00bb4.4.1&Prime; global_colors_info=\u00a0\u00bb{}\u00a0\u00bb][et_pb_text _builder_version=\u00a0\u00bb4.12.0&Prime; header_3_font=\u00a0\u00bb||||||||\u00a0\u00bb header_3_text_color=\u00a0\u00bb#9c323a\u00a0\u00bb global_colors_info=\u00a0\u00bb{}\u00a0\u00bb]<\/p>\n<h3>Comment les vins sont-ils exp\u00e9di\u00e9s ?<\/h3>\n<p>Nous exp\u00e9dions avec les services de Postes Canada ou d\u2019une messagerie locale, selon la destination.<\/p>\n<h3>Est-ce vous exp\u00e9diez a l\u2019ann\u00e9e longue?<\/h3>\n<p>\u00c9tant donn\u00e9 que nous exp\u00e9dions par Postes Canada vers d\u2019autres provinces, nous sugg\u00e9rons aux clients \u00e0 l\u2019ext\u00e9rieur de l\u2019Ontario d\u2019acheter avant la fin de novembre (<em>ou d\u2019attendre le printemps<\/em>) afin d\u2019\u00e9viter que les vins ne g\u00e8lent en transit.\u00a0 Dit autrement, pendant les mois les plus froids de l\u2019ann\u00e9e, nous suspendrons les livraisons \u00e0 l\u2019ext\u00e9rieur de la province.<\/p>\n<h3>\u00c0 quel type de communication puis-je m\u2019attendre concernant ma commande ?<\/h3>\n<p>Apr\u00e8s avoir pass\u00e9 votre commande, vous recevrez une confirmation \u00e0 l\u2019adresse de courriel que vous avez fourni. Si vous ne le voyez pas, v\u00e9rifiez votre dossier de \u00ab\u00a0Courrier ind\u00e9sirable.\u00a0\u00bb Si votre commande est pr\u00e9vue d\u2019arriver par Postes Canada, ils vous adresseront \u00e9galement un courriel avec un avis d\u2019exp\u00e9dition avec le num\u00e9ro de suivi. Encore une fois, si vous ne le recevez pas, v\u00e9rifiez votre dossier de Courrier ind\u00e9sirable.<\/p>\n<h3><span lang=\"FR\">Comment puis-je suivre <\/span><span lang=\"FR\">l\u2019arriv\u00e9e de mon envoi ?<\/span><\/h3>\n<p><span lang=\"FR\">Postes Canada : <span>Ils <\/span><\/span><span lang=\"FR\">vous enverront des mises \u00e0 jour par courriel, y compris un num\u00e9ro de suivi et le lien vers leur site o\u00f9 vous pourrez \u00e9ventuellement suivre votre colis. (Bien s\u00fbr, vous devez nous avoir fourni votre adresse courriel lorsque vous commandez pour que cela fonctionne).<\/span><span lang=\"FR\"> <span>Messagerie :<\/span>\u00a0<span>Si vous n\u2019\u00eates pas l\u00e0 quand ils sonnent \u00e0 la<\/span><\/span><span lang=\"FR\"> <\/span><span lang=\"FR\">porte, ALORS l\u00e0, ils vous appelleront et vont organiser un autre moment convenable pour livrer.<\/span><\/p>\n<h3>Est-ce que le livreur peut laisser la commande de vins \u00e0 ma porte ?<\/h3>\n<p><span>Non. En vertu de la loi, on ne peut pas laisser du vin \u00e0 la porte d\u2019une maison ou d\u2019une entreprise. Le paquet doit-\u00eatre re\u00e7u et le r\u00e9c\u00e9piss\u00e9 sign\u00e9 par quelqu\u2019un de 19 ans ou plus. Si vous n\u2019\u00eates pas \u00e0 la maison lorsque Postes Canada tente de vous livrer, le livreur laissera un avis indiquant \u00e0 quel comptoir postal vous pourrez retirer votre commande moyennant votre signature. \u00a0<\/span><span lang=\"FR\">Pour cette raison, nous vous encourageons fortement \u00e0 utiliser une adresse de livraison professionnelle. (Si vous n\u2019\u00eates pas l\u00e0 lorsque notre service de messagerie arrive, ils appelleront et organiseront une autre heure pour livrer.<\/span><span lang=\"FR\">)<\/span><\/p>\n<h3>Vous avez un probl\u00e8me avec votre livraison ?<\/h3>\n<p>Si votre commande est endommag\u00e9e ou ne correspond pas exactement \u00e0 ce que vous avez command\u00e9, contactez-nous \u00e0\u00a0:\u00a0\u00a0<a href=\"mailto:wine@bachelderniagara.com\">wine@bachelderniagara.com<\/a>.<\/p>\n<p>&nbsp;<\/p>\n<p>[\/et_pb_text][\/et_pb_column][\/et_pb_row][et_pb_row disabled_on=\u00a0\u00bboff|off|on\u00a0\u00bb _builder_version=\u00a0\u00bb4.4.1&Prime; custom_padding=\u00a0\u00bb0px||0px|2vw|false|false\u00a0\u00bb global_colors_info=\u00a0\u00bb{}\u00a0\u00bb][et_pb_column type=\u00a0\u00bb4_4&Prime; _builder_version=\u00a0\u00bb4.4.1&Prime; global_colors_info=\u00a0\u00bb{}\u00a0\u00bb][et_pb_text _builder_version=\u00a0\u00bb4.12.0&Prime; header_3_font=\u00a0\u00bb||||||||\u00a0\u00bb header_3_text_color=\u00a0\u00bb#9c323a\u00a0\u00bb hover_enabled=\u00a0\u00bb0&Prime; global_colors_info=\u00a0\u00bb{}\u00a0\u00bb sticky_enabled=\u00a0\u00bb0&Prime;]<\/p>\n<h3 style=\"text-align: center;\">Quand les vins seront-ils disponibles ?<\/h3>\n<p style=\"text-align: center;\">Nous allons offrir nos vins deux fois par ann\u00e9e. Sur la Toussaint (le 1er novembre) et le 2 d\u2019avril. Les vins seront disponibles pour une dur\u00e9e limit\u00e9e jusqu\u2019\u00e0 l\u2019\u00e9puisement des stocks.\u00a0<a href=\"\/fr\/#inscrivez\">Inscrivez-vous pour notre infolettre<\/a>\u00a0pour s\u2019assurer que vous \u00eates au courant de l\u2019ouverture des ventes, pour pouvoir avoir votre tour d\u2019en commander.<\/p>\n<h3 style=\"text-align: center;\">Offrez-vous des d\u00e9gustations\u00a0?<\/h3>\n<p style=\"text-align: center;\">Les d\u00e9gustations sont offertes sur rendez-vous uniquement et\u00a0peuvent \u00eatre demand\u00e9es ici.<\/p>\n<h3 style=\"text-align: center;\">Est-ce que je peux visiter la cave ?<\/h3>\n<p style=\"text-align: center;\"><span lang=\"FR\">Veuillez consulter notre page \u00ab <\/span><a href=\"\/visitez-nous\"><b><u><span lang=\"FR\">Visitez-nous<\/span><\/u><\/b><\/a><span lang=\"FR\"> <\/span><span lang=\"FR\">\u00bb pour plus de d\u00e9tails<\/span>.<\/p>\n<h3 style=\"text-align: center;\">O\u00f9 est-ce que je peux trouver les vins Bachelder ?<\/h3>\n<p style=\"text-align: center;\">Vous trouverez nos vins en ligne, et certains de nos vins sont aussi disponibles \u00e0 l\u2019 <a href=\"https:\/\/www.lcbo.com\/webapp\/wcs\/stores\/servlet\/SearchDisplay?categoryId=&amp;storeId=10203&amp;catalogId=10051&amp;langId=-1&amp;sType=SimpleSearch&amp;resultCatEntryType=2&amp;showResultsPage=true&amp;searchSource=Q&amp;pageView=&amp;beginIndex=0&amp;pageSize=12&amp;searchTerm=bachelder&amp;authToken=-1002%252CetYHJunN2fPHnqWYb6iXk2V4thGGKMCP7yRvypmsoac%253D)\" target=\"_blank\" rel=\"noopener noreferrer\">LCBO<\/a>, et \u00e0 la <a href=\"https:\/\/www.saq.com\/fr\/catalogsearch\/result\/?q=Bachelder\" target=\"_blank\" rel=\"noopener noreferrer\">SAQ<\/a>.<\/p>\n<h3 style=\"text-align: center;\">O\u00f9 se trouve votre cave?<\/h3>\n<p style=\"text-align: center;\">Nous sommes \u00e0 Beamsville sur le \u00ab\u00a0Bench\u00a0\u00bb (l\u2019escarpement), mais nos vignes soigneusement choisies se trouvent un peu partout dans la p\u00e9ninsule du Niagara.<\/p>\n<h3 style=\"text-align: center;\">Pourquoi avez-vous choisi ces vignobles en particulier ?<\/h3>\n<p style=\"text-align: center;\">Au cours de sa carri\u00e8re, Thomas a travaill\u00e9 avec plusieurs grands viticulteurs et terroirs ontariens. Avec Bachelder, nous voulions exploiter des parcelles qui, selon nous, expriment l\u2019inimitable terroir de l\u2019escarpement de Niagara form\u00e9 lors du retrait des glaciers. Depuis, nous travaillons en \u00e9troite collaboration avec nos vignerons pour assurer l\u2019expression du terroir dans les vins\u2026de la vigne jusqu\u2019\u00e0 la bouteille.<\/p>\n<h3 style=\"text-align: center;\">Quels vins sont disponibles?<\/h3>\n<p style=\"text-align: center;\">Consultez notre onglet \u00ab LES VINS \u00bb dans le menu en haut de la page pour la s\u00e9lection de vins que nous pouvons vous exp\u00e9dier.<\/p>\n<h3 style=\"text-align: center;\">Combien co\u00fbte la livraison d&rsquo;une commande?<\/h3>\n<p style=\"text-align: center;\"><span>En raison de la pand\u00e9mie, nous assumons actuellement les frais d\u2019exp\u00e9dition, donc les commandes de trois bouteilles ou plus sont gratuites.\u00a0<\/span><span lang=\"FR\">Les commandes d\u2019une ou eux bouteilles sont exp\u00e9di\u00e9es pour un forfait de 20 $.<span>\u00a0<\/span><\/span><span lang=\"EN-CA\">(taxes incluses)<\/span><\/p>\n<h3 style=\"text-align: center;\">Quand arriveront mes vins ?<\/h3>\n<p style=\"text-align: center;\">Le temps de livraison varie de 5 \u00e0 7 jours ouvrables, en fonction de votre adresse.<\/p>\n<p>[\/et_pb_text][et_pb_text _builder_version=\u00a0\u00bb4.12.0&Prime; header_3_font=\u00a0\u00bb||||||||\u00a0\u00bb header_3_text_color=\u00a0\u00bb#9c323a\u00a0\u00bb global_colors_info=\u00a0\u00bb{}\u00a0\u00bb]<\/p>\n<h3 style=\"text-align: center;\">Comment les vins sont-ils exp\u00e9di\u00e9s ?<\/h3>\n<p style=\"text-align: center;\">Nous exp\u00e9dions avec les services de Postes Canada ou d\u2019une messagerie locale, selon la destination.<\/p>\n<h3 style=\"text-align: center;\">Est-ce vous exp\u00e9diez a l\u2019ann\u00e9e longue?<\/h3>\n<p style=\"text-align: center;\">\u00c9tant donn\u00e9 que nous exp\u00e9dions par Postes Canada vers d\u2019autres provinces, nous sugg\u00e9rons aux clients \u00e0 l\u2019ext\u00e9rieur de l\u2019Ontario d\u2019acheter avant la fin de novembre (<em>ou d\u2019attendre le printemps<\/em>) afin d\u2019\u00e9viter que les vins ne g\u00e8lent en transit.\u00a0 Dit autrement, pendant les mois les plus froids de l\u2019ann\u00e9e, nous suspendrons les livraisons \u00e0 l\u2019ext\u00e9rieur de la province.<\/p>\n<h3 style=\"text-align: center;\">\u00c0 quel type de communication puis-je m\u2019attendre concernant ma commande ?<\/h3>\n<p style=\"text-align: center;\">Apr\u00e8s avoir pass\u00e9 votre commande, vous recevrez une confirmation \u00e0 l\u2019adresse de courriel que vous avez fourni. Si vous ne le voyez pas, v\u00e9rifiez votre dossier de \u00ab\u00a0Courrier ind\u00e9sirable.\u00a0\u00bb Si votre commande est pr\u00e9vue d\u2019arriver par Postes Canada, ils vous adresseront \u00e9galement un courriel avec un avis d\u2019exp\u00e9dition avec le num\u00e9ro de suivi. Encore une fois, si vous ne le recevez pas, v\u00e9rifiez votre dossier de Courrier ind\u00e9sirable.<\/p>\n<h3 style=\"text-align: center;\"><span lang=\"FR\">Comment puis-je suivre <\/span><span lang=\"FR\">l\u2019arriv\u00e9e de mon envoi ?<\/span><\/h3>\n<p style=\"text-align: center;\"><span lang=\"FR\">Postes Canada : <span>Ils <\/span><\/span><span lang=\"FR\">vous enverront des mises \u00e0 jour par courriel, y compris un num\u00e9ro de suivi et le lien vers leur site o\u00f9 vous pourrez \u00e9ventuellement suivre votre colis. (Bien s\u00fbr, vous devez nous avoir fourni votre adresse courriel lorsque vous commandez pour que cela fonctionne).<\/span><span lang=\"FR\"> <span>Messagerie :<\/span>\u00a0<span>Si vous n\u2019\u00eates pas l\u00e0 quand ils sonnent \u00e0 la<\/span><\/span><span lang=\"FR\"> <\/span><span lang=\"FR\">porte, ALORS l\u00e0, ils vous appelleront et vont organiser un autre moment convenable pour livrer.<\/span><\/p>\n<h3 style=\"text-align: center;\">Est-ce que le livreur peut laisser la commande de vins \u00e0 ma porte ?<\/h3>\n<p style=\"text-align: center;\"><span>Non. En vertu de la loi, on ne peut pas laisser du vin \u00e0 la porte d\u2019une maison ou d\u2019une entreprise. Le paquet doit-\u00eatre re\u00e7u et le r\u00e9c\u00e9piss\u00e9 sign\u00e9 par quelqu\u2019un de 19 ans ou plus. Si vous n\u2019\u00eates pas \u00e0 la maison lorsque Postes Canada tente de vous livrer, le livreur laissera un avis indiquant \u00e0 quel comptoir postal vous pourrez retirer votre commande moyennant votre signature. \u00a0<\/span><span lang=\"FR\">Pour cette raison, nous vous encourageons fortement \u00e0 utiliser une adresse de livraison professionnelle. (Si vous n\u2019\u00eates pas l\u00e0 lorsque notre service de messagerie arrive, ils appelleront et organiseront une autre heure pour livrer.<\/span><span lang=\"FR\">)<\/span><\/p>\n<h3 style=\"text-align: center;\">Vous avez un probl\u00e8me avec votre livraison ?<\/h3>\n<p style=\"text-align: center;\">Si votre commande est endommag\u00e9e ou ne correspond pas exactement \u00e0 ce que vous avez command\u00e9, contactez-nous \u00e0\u00a0:\u00a0\u00a0<a href=\"mailto:wine@bachelderniagara.com\">wine@bachelderniagara.com<\/a>.<\/p>\n<p style=\"text-align: center;\">[\/et_pb_text][\/et_pb_column][\/et_pb_row][\/et_pb_section]<\/p>\n","protected":false},"excerpt":{"rendered":"<p>Quand les vins seront-ils disponibles ? Nous allons offrir nos vins deux fois par ann\u00e9e. Sur la Toussaint (le 1er novembre) et le 2 d\u2019avril. Les vins seront disponibles pour une dur\u00e9e limit\u00e9e jusqu\u2019\u00e0 l\u2019\u00e9puisement des stocks.\u00a0Inscrivez-vous pour notre infolettre\u00a0pour s\u2019assurer que vous \u00eates au courant de l\u2019ouverture des ventes, pour pouvoir avoir votre tour [&hellip;]<\/p>\n","protected":false},"author":1,"featured_media":0,"parent":0,"menu_order":0,"comment_status":"closed","ping_status":"closed","template":"","meta":{"_et_pb_use_builder":"on","_et_pb_old_content":"<!-- wp:paragraph -->\r\n<p>This is an example page. It's different from a blog post because it will stay in one place and will show up in your site navigation (in most themes). Most people start with an About page that introduces them to potential site visitors. It might say something like this:<\/p>\r\n<!-- \/wp:paragraph -->\r\n\r\n<!-- wp:quote -->\r\n<blockquote class=\"wp-block-quote\"><p>Hi there! I'm a bike messenger by day, aspiring actor by night, and this is my website. I live in Los Angeles, have a great dog named Jack, and I like pi\u00f1a coladas. (And gettin' caught in the rain.)<\/p><\/blockquote>\r\n<!-- \/wp:quote -->\r\n\r\n<!-- wp:paragraph -->\r\n<p>...or something like this:<\/p>\r\n<!-- \/wp:paragraph -->\r\n\r\n<!-- wp:quote -->\r\n<blockquote class=\"wp-block-quote\"><p>The XYZ Doohickey Company was founded in 1971, and has been providing quality doohickeys to the public ever since. Located in Gotham City, XYZ employs over 2,000 people and does all kinds of awesome things for the Gotham community.<\/p><\/blockquote>\r\n<!-- \/wp:quote -->\r\n\r\n<!-- wp:paragraph -->\r\n<p>As a new WordPress user, you should go to <a href=\"https:\/\/bachelderniagara.com\/wp-admin\/\">your dashboard<\/a> to delete this page and create new pages for your content. Have fun!<\/p>\r\n<!-- \/wp:paragraph -->","_et_gb_content_width":"","footnotes":""},"class_list":["post-384","page","type-page","status-publish","hentry"],"yoast_head":"<!-- This site is optimized with the Yoast SEO plugin v26.5 - https:\/\/yoast.com\/wordpress\/plugins\/seo\/ -->\n<title>Faq FR - Bachelder Niagara<\/title>\n<meta name=\"robots\" content=\"index, follow, max-snippet:-1, max-image-preview:large, max-video-preview:-1\" \/>\n<link rel=\"canonical\" href=\"https:\/\/bachelderniagara.com\/fr\/faq\/\" \/>\n<meta property=\"og:locale\" content=\"fr_FR\" \/>\n<meta property=\"og:type\" content=\"article\" \/>\n<meta property=\"og:title\" content=\"Faq FR - Bachelder Niagara\" \/>\n<meta property=\"og:description\" content=\"Quand les vins seront-ils disponibles ? Nous allons offrir nos vins deux fois par ann\u00e9e. Sur la Toussaint (le 1er novembre) et le 2 d\u2019avril. Les vins seront disponibles pour une dur\u00e9e limit\u00e9e jusqu\u2019\u00e0 l\u2019\u00e9puisement des stocks.\u00a0Inscrivez-vous pour notre infolettre\u00a0pour s\u2019assurer que vous \u00eates au courant de l\u2019ouverture des ventes, pour pouvoir avoir votre tour [&hellip;]\" \/>\n<meta property=\"og:url\" content=\"https:\/\/bachelderniagara.com\/fr\/faq\/\" \/>\n<meta property=\"og:site_name\" content=\"Bachelder Niagara\" \/>\n<meta property=\"article:modified_time\" content=\"2021-11-01T01:49:46+00:00\" \/>\n<meta name=\"twitter:card\" content=\"summary_large_image\" \/>\n<meta name=\"twitter:label1\" content=\"Dur\u00e9e de lecture estim\u00e9e\" \/>\n\t<meta name=\"twitter:data1\" content=\"9 minutes\" \/>\n<script type=\"application\/ld+json\" class=\"yoast-schema-graph\">{\"@context\":\"https:\/\/schema.org\",\"@graph\":[{\"@type\":\"WebPage\",\"@id\":\"https:\/\/bachelderniagara.com\/fr\/faq\/\",\"url\":\"https:\/\/bachelderniagara.com\/fr\/faq\/\",\"name\":\"Faq FR - Bachelder Niagara\",\"isPartOf\":{\"@id\":\"https:\/\/bachelderniagara.com\/fr\/#website\"},\"datePublished\":\"2019-12-15T04:42:25+00:00\",\"dateModified\":\"2021-11-01T01:49:46+00:00\",\"breadcrumb\":{\"@id\":\"https:\/\/bachelderniagara.com\/fr\/faq\/#breadcrumb\"},\"inLanguage\":\"fr-FR\",\"potentialAction\":[{\"@type\":\"ReadAction\",\"target\":[\"https:\/\/bachelderniagara.com\/fr\/faq\/\"]}]},{\"@type\":\"BreadcrumbList\",\"@id\":\"https:\/\/bachelderniagara.com\/fr\/faq\/#breadcrumb\",\"itemListElement\":[{\"@type\":\"ListItem\",\"position\":1,\"name\":\"Home\",\"item\":\"https:\/\/bachelderniagara.com\/fr\/\"},{\"@type\":\"ListItem\",\"position\":2,\"name\":\"Faq FR\"}]},{\"@type\":\"WebSite\",\"@id\":\"https:\/\/bachelderniagara.com\/fr\/#website\",\"url\":\"https:\/\/bachelderniagara.com\/fr\/\",\"name\":\"Bachelder Niagara\",\"description\":\"\",\"potentialAction\":[{\"@type\":\"SearchAction\",\"target\":{\"@type\":\"EntryPoint\",\"urlTemplate\":\"https:\/\/bachelderniagara.com\/fr\/?s={search_term_string}\"},\"query-input\":{\"@type\":\"PropertyValueSpecification\",\"valueRequired\":true,\"valueName\":\"search_term_string\"}}],\"inLanguage\":\"fr-FR\"}]}<\/script>\n<!-- \/ Yoast SEO plugin. -->","yoast_head_json":{"title":"Faq FR - Bachelder Niagara","robots":{"index":"index","follow":"follow","max-snippet":"max-snippet:-1","max-image-preview":"max-image-preview:large","max-video-preview":"max-video-preview:-1"},"canonical":"https:\/\/bachelderniagara.com\/fr\/faq\/","og_locale":"fr_FR","og_type":"article","og_title":"Faq FR - Bachelder Niagara","og_description":"Quand les vins seront-ils disponibles ? Nous allons offrir nos vins deux fois par ann\u00e9e. Sur la Toussaint (le 1er novembre) et le 2 d\u2019avril. Les vins seront disponibles pour une dur\u00e9e limit\u00e9e jusqu\u2019\u00e0 l\u2019\u00e9puisement des stocks.\u00a0Inscrivez-vous pour notre infolettre\u00a0pour s\u2019assurer que vous \u00eates au courant de l\u2019ouverture des ventes, pour pouvoir avoir votre tour [&hellip;]","og_url":"https:\/\/bachelderniagara.com\/fr\/faq\/","og_site_name":"Bachelder Niagara","article_modified_time":"2021-11-01T01:49:46+00:00","twitter_card":"summary_large_image","twitter_misc":{"Dur\u00e9e de lecture estim\u00e9e":"9 minutes"},"schema":{"@context":"https:\/\/schema.org","@graph":[{"@type":"WebPage","@id":"https:\/\/bachelderniagara.com\/fr\/faq\/","url":"https:\/\/bachelderniagara.com\/fr\/faq\/","name":"Faq FR - Bachelder Niagara","isPartOf":{"@id":"https:\/\/bachelderniagara.com\/fr\/#website"},"datePublished":"2019-12-15T04:42:25+00:00","dateModified":"2021-11-01T01:49:46+00:00","breadcrumb":{"@id":"https:\/\/bachelderniagara.com\/fr\/faq\/#breadcrumb"},"inLanguage":"fr-FR","potentialAction":[{"@type":"ReadAction","target":["https:\/\/bachelderniagara.com\/fr\/faq\/"]}]},{"@type":"BreadcrumbList","@id":"https:\/\/bachelderniagara.com\/fr\/faq\/#breadcrumb","itemListElement":[{"@type":"ListItem","position":1,"name":"Home","item":"https:\/\/bachelderniagara.com\/fr\/"},{"@type":"ListItem","position":2,"name":"Faq FR"}]},{"@type":"WebSite","@id":"https:\/\/bachelderniagara.com\/fr\/#website","url":"https:\/\/bachelderniagara.com\/fr\/","name":"Bachelder Niagara","description":"","potentialAction":[{"@type":"SearchAction","target":{"@type":"EntryPoint","urlTemplate":"https:\/\/bachelderniagara.com\/fr\/?s={search_term_string}"},"query-input":{"@type":"PropertyValueSpecification","valueRequired":true,"valueName":"search_term_string"}}],"inLanguage":"fr-FR"}]}},"_links":{"self":[{"href":"https:\/\/bachelderniagara.com\/fr\/wp-json\/wp\/v2\/pages\/384","targetHints":{"allow":["GET"]}}],"collection":[{"href":"https:\/\/bachelderniagara.com\/fr\/wp-json\/wp\/v2\/pages"}],"about":[{"href":"https:\/\/bachelderniagara.com\/fr\/wp-json\/wp\/v2\/types\/page"}],"author":[{"embeddable":true,"href":"https:\/\/bachelderniagara.com\/fr\/wp-json\/wp\/v2\/users\/1"}],"replies":[{"embeddable":true,"href":"https:\/\/bachelderniagara.com\/fr\/wp-json\/wp\/v2\/comments?post=384"}],"version-history":[{"count":6,"href":"https:\/\/bachelderniagara.com\/fr\/wp-json\/wp\/v2\/pages\/384\/revisions"}],"predecessor-version":[{"id":240024,"href":"https:\/\/bachelderniagara.com\/fr\/wp-json\/wp\/v2\/pages\/384\/revisions\/240024"}],"wp:attachment":[{"href":"https:\/\/bachelderniagara.com\/fr\/wp-json\/wp\/v2\/media?parent=384"}],"curies":[{"name":"wp","href":"https:\/\/api.w.org\/{rel}","templated":true}]}}