{"id":8318,"date":"2020-11-28T11:47:51","date_gmt":"2020-11-28T16:47:51","guid":{"rendered":"https:\/\/bachelderniagara.com\/autre-selections\/"},"modified":"2026-04-01T20:54:09","modified_gmt":"2026-04-02T00:54:09","slug":"autres-selections","status":"publish","type":"page","link":"https:\/\/bachelderniagara.com\/fr\/autres-selections\/","title":{"rendered":"Autres S\u00e9lections"},"content":{"rendered":"<p>[et_pb_section fb_built=\u00a0\u00bb1&Prime; _builder_version=\u00a0\u00bb4.16&Prime; _module_preset=\u00a0\u00bbdefault\u00a0\u00bb min_height=\u00a0\u00bb148px\u00a0\u00bb custom_padding=\u00a0\u00bb||0px||false|false\u00a0\u00bb global_colors_info=\u00a0\u00bb{}\u00a0\u00bb][et_pb_row column_structure=\u00a0\u00bb2_3,1_3&Prime; _builder_version=\u00a0\u00bb4.16&Prime; _module_preset=\u00a0\u00bbdefault\u00a0\u00bb global_colors_info=\u00a0\u00bb{}\u00a0\u00bb][et_pb_column type=\u00a0\u00bb2_3&Prime; _builder_version=\u00a0\u00bb4.16&Prime; _module_preset=\u00a0\u00bbdefault\u00a0\u00bb global_colors_info=\u00a0\u00bb{}\u00a0\u00bb][et_pb_text disabled_on=\u00a0\u00bboff|off|off\u00a0\u00bb _builder_version=\u00a0\u00bb4.27.4&Prime; _module_preset=\u00a0\u00bbdefault\u00a0\u00bb global_colors_info=\u00a0\u00bb{}\u00a0\u00bb]<\/p>\n<h2>AUTRES S\u00c9LECTIONS<\/h2>\n<p>Les vins restants de notre\u00a0<b>Lancement du Toussaint<\/b>\u00a0\u2013 une exploration approfondie du terroir de Niagara, exprim\u00e9e \u00e0 travers nos vins parcellaires, nos terroirs de Chardonnay et de Pinot Noir.<\/p>\n<p>[\/et_pb_text][et_pb_text disabled_on=\u00a0\u00bbon|on|on\u00a0\u00bb _builder_version=\u00a0\u00bb4.27.4&Prime; _module_preset=\u00a0\u00bbdefault\u00a0\u00bb disabled=\u00a0\u00bbon\u00a0\u00bb global_colors_info=\u00a0\u00bb{}\u00a0\u00bb]<\/p>\n<h2>AUTRES S\u00c9LECTIONS :<\/h2>\n<p>Voici les vins qui restent de notre Lancement de la Violette \u2013\u00a0nos 10 Crus de Gamay Noir \u2013 tous issus des climats frais de Niagara. N\u2019oubliez pas les 3 cuv\u00e9es d\u2019assemblage\u00a0: \u00ab\u00a0Les Villages\u201d\u00a0Pinot Noir, Chardonnay et bien s\u00fbr Gamay Noir\u00a0\u2013\u00a0qui mettent l&rsquo;originalit\u00e9 de notre p\u00e9ninsule dans votre verre !<\/p>\n<p>[\/et_pb_text][\/et_pb_column][et_pb_column type=\u00a0\u00bb1_3&Prime; _builder_version=\u00a0\u00bb4.16&Prime; _module_preset=\u00a0\u00bbdefault\u00a0\u00bb global_colors_info=\u00a0\u00bb{}\u00a0\u00bb][\/et_pb_column][\/et_pb_row][\/et_pb_section][et_pb_section fb_built=\u00a0\u00bb1&Prime; _builder_version=\u00a0\u00bb4.16&Prime; _module_preset=\u00a0\u00bbdefault\u00a0\u00bb global_colors_info=\u00a0\u00bb{}\u00a0\u00bb][et_pb_row _builder_version=\u00a0\u00bb4.27.4&Prime; _module_preset=\u00a0\u00bbdefault\u00a0\u00bb custom_padding=\u00a0\u00bb||27px|||\u00a0\u00bb global_colors_info=\u00a0\u00bb{}\u00a0\u00bb][et_pb_column type=\u00a0\u00bb4_4&Prime; _builder_version=\u00a0\u00bb4.16&Prime; _module_preset=\u00a0\u00bbdefault\u00a0\u00bb global_colors_info=\u00a0\u00bb{}\u00a0\u00bb][et_pb_code _builder_version=\u00a0\u00bb4.27.4&Prime; _module_preset=\u00a0\u00bbdefault\u00a0\u00bb min_height=\u00a0\u00bb41px\u00a0\u00bb hover_enabled=\u00a0\u00bb0&Prime; global_colors_info=\u00a0\u00bb{}\u00a0\u00bb sticky_enabled=\u00a0\u00bb0&Prime;]<\/p>\n<div id='collection-component-1775090907314'><\/div>\n<p><!-- [et_pb_line_break_holder] --><script type=\"text\/javascript\"><!-- [et_pb_line_break_holder] -->\/*<![CDATA[*\/<!-- [et_pb_line_break_holder] -->(function () {<!-- [et_pb_line_break_holder] -->  var scriptURL = 'https:\/\/sdks.shopifycdn.com\/buy-button\/latest\/buy-button-storefront.min.js';<!-- [et_pb_line_break_holder] -->  if (window.ShopifyBuy) {<!-- [et_pb_line_break_holder] -->    if (window.ShopifyBuy.UI) {<!-- [et_pb_line_break_holder] -->      ShopifyBuyInit();<!-- [et_pb_line_break_holder] -->    } else {<!-- [et_pb_line_break_holder] -->      loadScript();<!-- [et_pb_line_break_holder] -->    }<!-- [et_pb_line_break_holder] -->  } else {<!-- [et_pb_line_break_holder] -->    loadScript();<!-- [et_pb_line_break_holder] -->  }<!-- [et_pb_line_break_holder] -->  function loadScript() {<!-- [et_pb_line_break_holder] -->    var script = document.createElement('script');<!-- [et_pb_line_break_holder] -->    script.async = true;<!-- [et_pb_line_break_holder] -->    script.src = scriptURL;<!-- [et_pb_line_break_holder] -->    (document.getElementsByTagName('head')[0] || document.getElementsByTagName('body')[0]).appendChild(script);<!-- [et_pb_line_break_holder] -->    script.onload = ShopifyBuyInit;<!-- [et_pb_line_break_holder] -->  }<!-- [et_pb_line_break_holder] -->  function ShopifyBuyInit() {<!-- [et_pb_line_break_holder] -->    var client = ShopifyBuy.buildClient({<!-- [et_pb_line_break_holder] -->      domain: 'bachelder-terroirs.myshopify.com',<!-- [et_pb_line_break_holder] -->      storefrontAccessToken: '617a35758b99fabcae444cdb5cba9be4',<!-- [et_pb_line_break_holder] -->    });<!-- [et_pb_line_break_holder] -->    ShopifyBuy.UI.onReady(client).then(function (ui) {<!-- [et_pb_line_break_holder] -->      ui.createComponent('collection', {<!-- [et_pb_line_break_holder] -->        id: '282191134911',<!-- [et_pb_line_break_holder] -->        node: document.getElementById('collection-component-1775090907314'),<!-- [et_pb_line_break_holder] -->        moneyFormat: '%24%7B%7Bamount%7D%7D',<!-- [et_pb_line_break_holder] -->        options: {<!-- [et_pb_line_break_holder] -->  \"product\": {<!-- [et_pb_line_break_holder] -->    \"styles\": {<!-- [et_pb_line_break_holder] -->      \"product\": {<!-- [et_pb_line_break_holder] -->        \"@media (min-width: 601px)\": {<!-- [et_pb_line_break_holder] -->          \"max-width\": \"calc(33.33333% - 30px)\",<!-- [et_pb_line_break_holder] -->          \"margin-left\": \"30px\",<!-- [et_pb_line_break_holder] -->          \"margin-bottom\": \"50px\",<!-- [et_pb_line_break_holder] -->          \"width\": \"calc(33.33333% - 30px)\"<!-- [et_pb_line_break_holder] -->        },<!-- [et_pb_line_break_holder] -->        \"img\": {<!-- [et_pb_line_break_holder] -->          \"height\": \"calc(100% - 15px)\",<!-- [et_pb_line_break_holder] -->          \"position\": \"absolute\",<!-- [et_pb_line_break_holder] -->          \"left\": \"0\",<!-- [et_pb_line_break_holder] -->          \"right\": \"0\",<!-- [et_pb_line_break_holder] -->          \"top\": \"0\"<!-- [et_pb_line_break_holder] -->        },<!-- [et_pb_line_break_holder] -->        \"imgWrapper\": {<!-- [et_pb_line_break_holder] -->          \"padding-top\": \"calc(75% + 15px)\",<!-- [et_pb_line_break_holder] -->          \"position\": \"relative\",<!-- [et_pb_line_break_holder] -->          \"height\": \"0\"<!-- [et_pb_line_break_holder] -->        }<!-- [et_pb_line_break_holder] -->      },<!-- [et_pb_line_break_holder] -->      \"title\": {<!-- [et_pb_line_break_holder] -->        \"font-family\": \"Karla, sans-serif\",<!-- [et_pb_line_break_holder] -->        \"font-weight\": \"normal\"<!-- [et_pb_line_break_holder] -->      },<!-- [et_pb_line_break_holder] -->      \"button\": {<!-- [et_pb_line_break_holder] -->        \"font-family\": \"Karla, sans-serif\",<!-- [et_pb_line_break_holder] -->        \"font-size\": \"18px\",<!-- [et_pb_line_break_holder] -->        \"padding-top\": \"17px\",<!-- [et_pb_line_break_holder] -->        \"padding-bottom\": \"17px\",<!-- [et_pb_line_break_holder] -->        \":hover\": {<!-- [et_pb_line_break_holder] -->          \"background-color\": \"#6c1f28\"<!-- [et_pb_line_break_holder] -->        },<!-- [et_pb_line_break_holder] -->        \"background-color\": \"#78222c\",<!-- [et_pb_line_break_holder] -->        \":focus\": {<!-- [et_pb_line_break_holder] -->          \"background-color\": \"#6c1f28\"<!-- [et_pb_line_break_holder] -->        }<!-- [et_pb_line_break_holder] -->      },<!-- [et_pb_line_break_holder] -->      \"quantityInput\": {<!-- [et_pb_line_break_holder] -->        \"font-size\": \"18px\",<!-- [et_pb_line_break_holder] -->        \"padding-top\": \"17px\",<!-- [et_pb_line_break_holder] -->        \"padding-bottom\": \"17px\"<!-- [et_pb_line_break_holder] -->      },<!-- [et_pb_line_break_holder] -->      \"price\": {<!-- [et_pb_line_break_holder] -->        \"font-family\": \"Karla, sans-serif\",<!-- [et_pb_line_break_holder] -->        \"font-size\": \"18px\",<!-- [et_pb_line_break_holder] -->        \"color\": \"#78222c\"<!-- [et_pb_line_break_holder] -->      },<!-- [et_pb_line_break_holder] -->      \"compareAt\": {<!-- [et_pb_line_break_holder] -->        \"font-family\": \"Karla, sans-serif\",<!-- [et_pb_line_break_holder] -->        \"font-size\": \"15.299999999999999px\",<!-- [et_pb_line_break_holder] -->        \"color\": \"#78222c\"<!-- [et_pb_line_break_holder] -->      },<!-- [et_pb_line_break_holder] -->      \"unitPrice\": {<!-- [et_pb_line_break_holder] -->        \"font-family\": \"Karla, sans-serif\",<!-- [et_pb_line_break_holder] -->        \"font-size\": \"15.299999999999999px\",<!-- [et_pb_line_break_holder] -->        \"color\": \"#78222c\"<!-- [et_pb_line_break_holder] -->      }<!-- [et_pb_line_break_holder] -->    },<!-- [et_pb_line_break_holder] -->    \"buttonDestination\": \"modal\",<!-- [et_pb_line_break_holder] -->    \"contents\": {<!-- [et_pb_line_break_holder] -->      \"options\": false<!-- [et_pb_line_break_holder] -->    },<!-- [et_pb_line_break_holder] -->    \"text\": {<!-- [et_pb_line_break_holder] -->      \"button\": \"Voir le vin\"<!-- [et_pb_line_break_holder] -->    },<!-- [et_pb_line_break_holder] -->    \"googleFonts\": [<!-- [et_pb_line_break_holder] -->      \"Karla\"<!-- [et_pb_line_break_holder] -->    ]<!-- [et_pb_line_break_holder] -->  },<!-- [et_pb_line_break_holder] -->  \"productSet\": {<!-- [et_pb_line_break_holder] -->    \"styles\": {<!-- [et_pb_line_break_holder] -->      \"products\": {<!-- [et_pb_line_break_holder] -->        \"@media (min-width: 601px)\": {<!-- [et_pb_line_break_holder] -->          \"margin-left\": \"-30px\"<!-- [et_pb_line_break_holder] -->        }<!-- [et_pb_line_break_holder] -->      }<!-- [et_pb_line_break_holder] -->    }<!-- [et_pb_line_break_holder] -->  },<!-- [et_pb_line_break_holder] -->  \"modalProduct\": {<!-- [et_pb_line_break_holder] -->    \"contents\": {<!-- [et_pb_line_break_holder] -->      \"img\": false,<!-- [et_pb_line_break_holder] -->      \"imgWithCarousel\": true,<!-- [et_pb_line_break_holder] -->      \"button\": false,<!-- [et_pb_line_break_holder] -->      \"buttonWithQuantity\": true<!-- [et_pb_line_break_holder] -->    },<!-- [et_pb_line_break_holder] -->    \"styles\": {<!-- [et_pb_line_break_holder] -->      \"product\": {<!-- [et_pb_line_break_holder] -->        \"@media (min-width: 601px)\": {<!-- [et_pb_line_break_holder] -->          \"max-width\": \"100%\",<!-- [et_pb_line_break_holder] -->          \"margin-left\": \"0px\",<!-- [et_pb_line_break_holder] -->          \"margin-bottom\": \"0px\"<!-- [et_pb_line_break_holder] -->        }<!-- [et_pb_line_break_holder] -->      },<!-- [et_pb_line_break_holder] -->      \"button\": {<!-- [et_pb_line_break_holder] -->        \"font-family\": \"Karla, sans-serif\",<!-- [et_pb_line_break_holder] -->        \"font-size\": \"18px\",<!-- [et_pb_line_break_holder] -->        \"padding-top\": \"17px\",<!-- [et_pb_line_break_holder] -->        \"padding-bottom\": \"17px\",<!-- [et_pb_line_break_holder] -->        \":hover\": {<!-- [et_pb_line_break_holder] -->          \"background-color\": \"#6c1f28\"<!-- [et_pb_line_break_holder] -->        },<!-- [et_pb_line_break_holder] -->        \"background-color\": \"#78222c\",<!-- [et_pb_line_break_holder] -->        \":focus\": {<!-- [et_pb_line_break_holder] -->          \"background-color\": \"#6c1f28\"<!-- [et_pb_line_break_holder] -->        }<!-- [et_pb_line_break_holder] -->      },<!-- [et_pb_line_break_holder] -->      \"quantityInput\": {<!-- [et_pb_line_break_holder] -->        \"font-size\": \"18px\",<!-- [et_pb_line_break_holder] -->        \"padding-top\": \"17px\",<!-- [et_pb_line_break_holder] -->        \"padding-bottom\": \"17px\"<!-- [et_pb_line_break_holder] -->      },<!-- [et_pb_line_break_holder] -->      \"title\": {<!-- [et_pb_line_break_holder] -->        \"font-family\": \"Karla, sans-serif\",<!-- [et_pb_line_break_holder] -->        \"font-weight\": \"bold\",<!-- [et_pb_line_break_holder] -->        \"font-size\": \"26px\",<!-- [et_pb_line_break_holder] -->        \"color\": \"#4c4c4c\"<!-- [et_pb_line_break_holder] -->      },<!-- [et_pb_line_break_holder] -->      \"price\": {<!-- [et_pb_line_break_holder] -->        \"font-family\": \"Karla, sans-serif\",<!-- [et_pb_line_break_holder] -->        \"font-weight\": \"normal\",<!-- [et_pb_line_break_holder] -->        \"font-size\": \"18px\",<!-- [et_pb_line_break_holder] -->        \"color\": \"#4c4c4c\"<!-- [et_pb_line_break_holder] -->      },<!-- [et_pb_line_break_holder] -->      \"compareAt\": {<!-- [et_pb_line_break_holder] -->        \"font-family\": \"Karla, sans-serif\",<!-- [et_pb_line_break_holder] -->        \"font-weight\": \"normal\",<!-- [et_pb_line_break_holder] -->        \"font-size\": \"15.299999999999999px\",<!-- [et_pb_line_break_holder] -->        \"color\": \"#4c4c4c\"<!-- [et_pb_line_break_holder] -->      },<!-- [et_pb_line_break_holder] -->      \"unitPrice\": {<!-- [et_pb_line_break_holder] -->        \"font-family\": \"Karla, sans-serif\",<!-- [et_pb_line_break_holder] -->        \"font-weight\": \"normal\",<!-- [et_pb_line_break_holder] -->        \"font-size\": \"15.299999999999999px\",<!-- [et_pb_line_break_holder] -->        \"color\": \"#4c4c4c\"<!-- [et_pb_line_break_holder] -->      },<!-- [et_pb_line_break_holder] -->      \"description\": {<!-- [et_pb_line_break_holder] -->        \"font-family\": \"Karla, sans-serif\"<!-- [et_pb_line_break_holder] -->      }<!-- [et_pb_line_break_holder] -->    },<!-- [et_pb_line_break_holder] -->    \"googleFonts\": [<!-- [et_pb_line_break_holder] -->      \"Karla\"<!-- [et_pb_line_break_holder] -->    ],<!-- [et_pb_line_break_holder] -->    \"text\": {<!-- [et_pb_line_break_holder] -->      \"button\": \"Ajouter au panier\"<!-- [et_pb_line_break_holder] -->    }<!-- [et_pb_line_break_holder] -->  },<!-- [et_pb_line_break_holder] -->  \"option\": {},<!-- [et_pb_line_break_holder] -->  \"cart\": {<!-- [et_pb_line_break_holder] -->    \"styles\": {<!-- [et_pb_line_break_holder] -->      \"button\": {<!-- [et_pb_line_break_holder] -->        \"font-family\": \"Karla, sans-serif\",<!-- [et_pb_line_break_holder] -->        \"font-size\": \"18px\",<!-- [et_pb_line_break_holder] -->        \"padding-top\": \"17px\",<!-- [et_pb_line_break_holder] -->        \"padding-bottom\": \"17px\",<!-- [et_pb_line_break_holder] -->        \":hover\": {<!-- [et_pb_line_break_holder] -->          \"background-color\": \"#6c1f28\"<!-- [et_pb_line_break_holder] -->        },<!-- [et_pb_line_break_holder] -->        \"background-color\": \"#78222c\",<!-- [et_pb_line_break_holder] -->        \":focus\": {<!-- [et_pb_line_break_holder] -->          \"background-color\": \"#6c1f28\"<!-- [et_pb_line_break_holder] -->        }<!-- [et_pb_line_break_holder] -->      }<!-- [et_pb_line_break_holder] -->    },<!-- [et_pb_line_break_holder] -->    \"text\": {<!-- [et_pb_line_break_holder] -->      \"title\": \"Carty\",<!-- [et_pb_line_break_holder] -->      \"total\": \"Sub-Total\",<!-- [et_pb_line_break_holder] -->      \"empty\": \"Your cart is empty\",<!-- [et_pb_line_break_holder] -->      \"notice\": \"\",<!-- [et_pb_line_break_holder] -->      \"button\": \"Checkout\",<!-- [et_pb_line_break_holder] -->      \"noteDescription\": \"Special Instructions\"<!-- [et_pb_line_break_holder] -->    },<!-- [et_pb_line_break_holder] -->    \"contents\": {<!-- [et_pb_line_break_holder] -->      \"note\": true<!-- [et_pb_line_break_holder] -->    },<!-- [et_pb_line_break_holder] -->    \"googleFonts\": [<!-- [et_pb_line_break_holder] -->      \"Karla\"<!-- [et_pb_line_break_holder] -->    ]<!-- [et_pb_line_break_holder] -->  },<!-- [et_pb_line_break_holder] -->  \"toggle\": {<!-- [et_pb_line_break_holder] -->    \"styles\": {<!-- [et_pb_line_break_holder] -->      \"toggle\": {<!-- [et_pb_line_break_holder] -->        \"font-family\": \"Karla, sans-serif\",<!-- [et_pb_line_break_holder] -->        \"background-color\": \"#78222c\",<!-- [et_pb_line_break_holder] -->        \":hover\": {<!-- [et_pb_line_break_holder] -->          \"background-color\": \"#6c1f28\"<!-- [et_pb_line_break_holder] -->        },<!-- [et_pb_line_break_holder] -->        \":focus\": {<!-- [et_pb_line_break_holder] -->          \"background-color\": \"#6c1f28\"<!-- [et_pb_line_break_holder] -->        }<!-- [et_pb_line_break_holder] -->      },<!-- [et_pb_line_break_holder] -->      \"count\": {<!-- [et_pb_line_break_holder] -->        \"font-size\": \"18px\"<!-- [et_pb_line_break_holder] -->      }<!-- [et_pb_line_break_holder] -->    },<!-- [et_pb_line_break_holder] -->    \"googleFonts\": [<!-- [et_pb_line_break_holder] -->      \"Karla\"<!-- [et_pb_line_break_holder] -->    ]<!-- [et_pb_line_break_holder] -->  }<!-- [et_pb_line_break_holder] -->},<!-- [et_pb_line_break_holder] -->      });<!-- [et_pb_line_break_holder] -->    });<!-- [et_pb_line_break_holder] -->  }<!-- [et_pb_line_break_holder] -->})();<!-- [et_pb_line_break_holder] -->\/*]]>*\/<!-- [et_pb_line_break_holder] --><\/script>[\/et_pb_code][\/et_pb_column][\/et_pb_row][\/et_pb_section][et_pb_section fb_built=\u00a0\u00bb1&Prime; _builder_version=\u00a0\u00bb4.16&Prime; _module_preset=\u00a0\u00bbdefault\u00a0\u00bb global_colors_info=\u00a0\u00bb{}\u00a0\u00bb][et_pb_row _builder_version=\u00a0\u00bb4.27.4&Prime; _module_preset=\u00a0\u00bbdefault\u00a0\u00bb global_colors_info=\u00a0\u00bb{}\u00a0\u00bb][et_pb_column type=\u00a0\u00bb4_4&Prime; _builder_version=\u00a0\u00bb4.16&Prime; _module_preset=\u00a0\u00bbdefault\u00a0\u00bb global_colors_info=\u00a0\u00bb{}\u00a0\u00bb][et_pb_button button_url=\u00a0\u00bb@ET-DC@eyJkeW5hbWljIjp0cnVlLCJjb250ZW50IjoicG9zdF9saW5rX3VybF9wYWdlIiwic2V0dGluZ3MiOnsicG9zdF9pZCI6IjIzNjMzNyJ9fQ==@\u00a0\u00bb button_text=\u00a0\u00bbMagasinez le Lancement de La Violette\u00a0\u00bb button_alignment=\u00a0\u00bbcenter\u00a0\u00bb disabled_on=\u00a0\u00bboff|off|off\u00a0\u00bb _builder_version=\u00a0\u00bb4.27.4&Prime; _dynamic_attributes=\u00a0\u00bbbutton_url\u00a0\u00bb _module_preset=\u00a0\u00bbdefault\u00a0\u00bb custom_button=\u00a0\u00bbon\u00a0\u00bb button_text_size=\u00a0\u00bb20px\u00a0\u00bb button_bg_color=\u00a0\u00bb#78222c\u00a0\u00bb button_font=\u00a0\u00bb||||||||\u00a0\u00bb background_layout=\u00a0\u00bbdark\u00a0\u00bb global_colors_info=\u00a0\u00bb{}\u00a0\u00bb][\/et_pb_button][et_pb_button button_url=\u00a0\u00bb@ET-DC@eyJkeW5hbWljIjp0cnVlLCJjb250ZW50IjoicG9zdF9saW5rX3VybF9wYWdlIiwic2V0dGluZ3MiOnsicG9zdF9pZCI6IjI2NTUxMCJ9fQ==@\u00a0\u00bb button_text=\u00a0\u00bbMagasinez le lancement de la Toussaint\u00a0\u00bb button_alignment=\u00a0\u00bbcenter\u00a0\u00bb disabled_on=\u00a0\u00bbon|on|on\u00a0\u00bb _builder_version=\u00a0\u00bb4.27.4&Prime; _dynamic_attributes=\u00a0\u00bbbutton_url\u00a0\u00bb _module_preset=\u00a0\u00bbdefault\u00a0\u00bb custom_button=\u00a0\u00bbon\u00a0\u00bb button_text_size=\u00a0\u00bb20px\u00a0\u00bb button_bg_color=\u00a0\u00bb#78222c\u00a0\u00bb button_font=\u00a0\u00bb||||||||\u00a0\u00bb background_layout=\u00a0\u00bbdark\u00a0\u00bb disabled=\u00a0\u00bbon\u00a0\u00bb global_colors_info=\u00a0\u00bb{}\u00a0\u00bb][\/et_pb_button][\/et_pb_column][\/et_pb_row][\/et_pb_section]<\/p>\n","protected":false},"excerpt":{"rendered":"<p>AUTRES S\u00c9LECTIONS Les vins restants de notre\u00a0Lancement du Toussaint\u00a0\u2013 une exploration approfondie du terroir de Niagara, exprim\u00e9e \u00e0 travers nos vins parcellaires, nos terroirs de Chardonnay et de Pinot Noir.AUTRES S\u00c9LECTIONS : Voici les vins qui restent de notre Lancement de la Violette \u2013\u00a0nos 10 Crus de Gamay Noir \u2013 tous issus des climats frais [&hellip;]<\/p>\n","protected":false},"author":20,"featured_media":0,"parent":0,"menu_order":0,"comment_status":"closed","ping_status":"closed","template":"","meta":{"_et_pb_use_builder":"on","_et_pb_old_content":"","_et_gb_content_width":"","footnotes":""},"class_list":["post-8318","page","type-page","status-publish","hentry"],"yoast_head":"<!-- This site is optimized with the Yoast SEO plugin v26.5 - https:\/\/yoast.com\/wordpress\/plugins\/seo\/ -->\n<title>Autres S\u00e9lections - Bachelder Niagara<\/title>\n<meta name=\"robots\" content=\"index, follow, max-snippet:-1, max-image-preview:large, max-video-preview:-1\" \/>\n<link rel=\"canonical\" href=\"https:\/\/bachelderniagara.com\/fr\/autres-selections\/\" \/>\n<meta property=\"og:locale\" content=\"fr_FR\" \/>\n<meta property=\"og:type\" content=\"article\" \/>\n<meta property=\"og:title\" content=\"Autres S\u00e9lections - Bachelder Niagara\" \/>\n<meta property=\"og:description\" content=\"AUTRES S\u00c9LECTIONS Les vins restants de notre\u00a0Lancement du Toussaint\u00a0\u2013 une exploration approfondie du terroir de Niagara, exprim\u00e9e \u00e0 travers nos vins parcellaires, nos terroirs de Chardonnay et de Pinot Noir.AUTRES S\u00c9LECTIONS : Voici les vins qui restent de notre Lancement de la Violette \u2013\u00a0nos 10 Crus de Gamay Noir \u2013 tous issus des climats frais [&hellip;]\" \/>\n<meta property=\"og:url\" content=\"https:\/\/bachelderniagara.com\/fr\/autres-selections\/\" \/>\n<meta property=\"og:site_name\" content=\"Bachelder Niagara\" \/>\n<meta property=\"article:modified_time\" content=\"2026-04-02T00:54:09+00:00\" \/>\n<meta name=\"twitter:card\" content=\"summary_large_image\" \/>\n<meta name=\"twitter:label1\" content=\"Dur\u00e9e de lecture estim\u00e9e\" \/>\n\t<meta name=\"twitter:data1\" content=\"1 minute\" \/>\n<script type=\"application\/ld+json\" class=\"yoast-schema-graph\">{\"@context\":\"https:\/\/schema.org\",\"@graph\":[{\"@type\":\"WebPage\",\"@id\":\"https:\/\/bachelderniagara.com\/fr\/autres-selections\/\",\"url\":\"https:\/\/bachelderniagara.com\/fr\/autres-selections\/\",\"name\":\"Autres S\u00e9lections - Bachelder Niagara\",\"isPartOf\":{\"@id\":\"https:\/\/bachelderniagara.com\/fr\/#website\"},\"datePublished\":\"2020-11-28T16:47:51+00:00\",\"dateModified\":\"2026-04-02T00:54:09+00:00\",\"breadcrumb\":{\"@id\":\"https:\/\/bachelderniagara.com\/fr\/autres-selections\/#breadcrumb\"},\"inLanguage\":\"fr-FR\",\"potentialAction\":[{\"@type\":\"ReadAction\",\"target\":[\"https:\/\/bachelderniagara.com\/fr\/autres-selections\/\"]}]},{\"@type\":\"BreadcrumbList\",\"@id\":\"https:\/\/bachelderniagara.com\/fr\/autres-selections\/#breadcrumb\",\"itemListElement\":[{\"@type\":\"ListItem\",\"position\":1,\"name\":\"Home\",\"item\":\"https:\/\/bachelderniagara.com\/fr\/\"},{\"@type\":\"ListItem\",\"position\":2,\"name\":\"Autres S\u00e9lections\"}]},{\"@type\":\"WebSite\",\"@id\":\"https:\/\/bachelderniagara.com\/fr\/#website\",\"url\":\"https:\/\/bachelderniagara.com\/fr\/\",\"name\":\"Bachelder Niagara\",\"description\":\"\",\"potentialAction\":[{\"@type\":\"SearchAction\",\"target\":{\"@type\":\"EntryPoint\",\"urlTemplate\":\"https:\/\/bachelderniagara.com\/fr\/?s={search_term_string}\"},\"query-input\":{\"@type\":\"PropertyValueSpecification\",\"valueRequired\":true,\"valueName\":\"search_term_string\"}}],\"inLanguage\":\"fr-FR\"}]}<\/script>\n<!-- \/ Yoast SEO plugin. -->","yoast_head_json":{"title":"Autres S\u00e9lections - Bachelder Niagara","robots":{"index":"index","follow":"follow","max-snippet":"max-snippet:-1","max-image-preview":"max-image-preview:large","max-video-preview":"max-video-preview:-1"},"canonical":"https:\/\/bachelderniagara.com\/fr\/autres-selections\/","og_locale":"fr_FR","og_type":"article","og_title":"Autres S\u00e9lections - Bachelder Niagara","og_description":"AUTRES S\u00c9LECTIONS Les vins restants de notre\u00a0Lancement du Toussaint\u00a0\u2013 une exploration approfondie du terroir de Niagara, exprim\u00e9e \u00e0 travers nos vins parcellaires, nos terroirs de Chardonnay et de Pinot Noir.AUTRES S\u00c9LECTIONS : Voici les vins qui restent de notre Lancement de la Violette \u2013\u00a0nos 10 Crus de Gamay Noir \u2013 tous issus des climats frais [&hellip;]","og_url":"https:\/\/bachelderniagara.com\/fr\/autres-selections\/","og_site_name":"Bachelder Niagara","article_modified_time":"2026-04-02T00:54:09+00:00","twitter_card":"summary_large_image","twitter_misc":{"Dur\u00e9e de lecture estim\u00e9e":"1 minute"},"schema":{"@context":"https:\/\/schema.org","@graph":[{"@type":"WebPage","@id":"https:\/\/bachelderniagara.com\/fr\/autres-selections\/","url":"https:\/\/bachelderniagara.com\/fr\/autres-selections\/","name":"Autres S\u00e9lections - Bachelder Niagara","isPartOf":{"@id":"https:\/\/bachelderniagara.com\/fr\/#website"},"datePublished":"2020-11-28T16:47:51+00:00","dateModified":"2026-04-02T00:54:09+00:00","breadcrumb":{"@id":"https:\/\/bachelderniagara.com\/fr\/autres-selections\/#breadcrumb"},"inLanguage":"fr-FR","potentialAction":[{"@type":"ReadAction","target":["https:\/\/bachelderniagara.com\/fr\/autres-selections\/"]}]},{"@type":"BreadcrumbList","@id":"https:\/\/bachelderniagara.com\/fr\/autres-selections\/#breadcrumb","itemListElement":[{"@type":"ListItem","position":1,"name":"Home","item":"https:\/\/bachelderniagara.com\/fr\/"},{"@type":"ListItem","position":2,"name":"Autres S\u00e9lections"}]},{"@type":"WebSite","@id":"https:\/\/bachelderniagara.com\/fr\/#website","url":"https:\/\/bachelderniagara.com\/fr\/","name":"Bachelder Niagara","description":"","potentialAction":[{"@type":"SearchAction","target":{"@type":"EntryPoint","urlTemplate":"https:\/\/bachelderniagara.com\/fr\/?s={search_term_string}"},"query-input":{"@type":"PropertyValueSpecification","valueRequired":true,"valueName":"search_term_string"}}],"inLanguage":"fr-FR"}]}},"_links":{"self":[{"href":"https:\/\/bachelderniagara.com\/fr\/wp-json\/wp\/v2\/pages\/8318","targetHints":{"allow":["GET"]}}],"collection":[{"href":"https:\/\/bachelderniagara.com\/fr\/wp-json\/wp\/v2\/pages"}],"about":[{"href":"https:\/\/bachelderniagara.com\/fr\/wp-json\/wp\/v2\/types\/page"}],"author":[{"embeddable":true,"href":"https:\/\/bachelderniagara.com\/fr\/wp-json\/wp\/v2\/users\/20"}],"replies":[{"embeddable":true,"href":"https:\/\/bachelderniagara.com\/fr\/wp-json\/wp\/v2\/comments?post=8318"}],"version-history":[{"count":39,"href":"https:\/\/bachelderniagara.com\/fr\/wp-json\/wp\/v2\/pages\/8318\/revisions"}],"predecessor-version":[{"id":265940,"href":"https:\/\/bachelderniagara.com\/fr\/wp-json\/wp\/v2\/pages\/8318\/revisions\/265940"}],"wp:attachment":[{"href":"https:\/\/bachelderniagara.com\/fr\/wp-json\/wp\/v2\/media?parent=8318"}],"curies":[{"name":"wp","href":"https:\/\/api.w.org\/{rel}","templated":true}]}}